{"id":1130,"date":"2025-01-10T15:22:00","date_gmt":"2025-01-10T14:22:00","guid":{"rendered":"https:\/\/as-ai.org\/?page_id=1130"},"modified":"2025-01-10T15:22:00","modified_gmt":"2025-01-10T14:22:00","slug":"sponsors-2","status":"publish","type":"page","link":"https:\/\/as-ai.org\/?page_id=1130","title":{"rendered":"Sponsors"},"content":{"rendered":"\n<div class=\"wp-block-stackable-columns stk-block-columns stk-block stk-1dac35c\" data-block-id=\"1dac35c\"><style>.stk-1dac35c {margin-bottom:0px !important;}<\/style><div class=\"stk-row stk-inner-blocks stk-block-content stk-content-align stk-1dac35c-column\">\n<div class=\"wp-block-stackable-column stk-block-column stk-column stk-block stk-dae2163\" data-v=\"4\" data-block-id=\"dae2163\"><div class=\"stk-column-wrapper stk-block-column__content stk-container stk-dae2163-container stk--no-background stk--no-padding\"><div class=\"stk-block-content stk-inner-blocks stk-dae2163-inner-blocks\">\n<div class=\"wp-block-stackable-image stk-block-image stk-block stk-77cacd3\" data-block-id=\"77cacd3\"><style>.stk-77cacd3 {margin-bottom:0px !important;}.stk-77cacd3 .stk-img-wrapper{height:222px !important;}<\/style><figure><span class=\"stk-img-wrapper stk-image--shape-stretch\"><img loading=\"lazy\" decoding=\"async\" class=\"stk-img wp-image-762\" src=\"https:\/\/as-ai.org\/wp-content\/uploads\/2024\/07\/bup-logo-100_75-1.png\" width=\"174\" height=\"135\"\/><\/span><\/figure><\/div>\n\n\n\n<div class=\"wp-block-stackable-text stk-block-text stk-block stk-6f0a145\" data-block-id=\"6f0a145\"><p class=\"stk-block-text__text has-text-align-justify\">Bup Solution \u00e8 un&#8217;azienda specializzata in tutte le fasi del processo di gestione dei dati, dall&#8217;estrazione della conoscenza dal testo libero, fino alla modellazione, alla riconciliazione, all&#8217;integrazione e al collegamento dei dati, alla progettazione e alla manutenzione delle ontologie. Il team \u00e8 formato da ricercatori che lavorano anche presso il Consiglio Nazionale delle Ricerche (CNR). Offrono al mercato le soluzioni e le tecnologie pi\u00f9 innovative e avanzate, sviluppate nei nostri laboratori di ricerca.<\/p><\/div>\n\n\n\n<div class=\"wp-block-stackable-button-group stk-block-button-group stk-block stk-5eb8955\" data-block-id=\"5eb8955\"><style>.stk-5eb8955 .stk-button-group{flex-direction:row !important;}@media screen and (max-width: 1023px){.stk-5eb8955 .stk-button-group{flex-direction:row !important;}}@media screen and (max-width: 767px){.stk-5eb8955 .stk-button-group{flex-direction:row !important;}}<\/style><div class=\"stk-row stk-inner-blocks has-text-align-center stk-block-content stk-button-group\">\n<div class=\"wp-block-stackable-button stk-block-button has-text-align-center stk-block stk-914ebd2\" data-block-id=\"914ebd2\"><a class=\"stk-link stk-button stk--hover-effect-darken\" href=\"https:\/\/www.bupsolutions.com\/en\/home_en\/\" target=\"_blank\" rel=\"noreferrer noopener\"><span class=\"stk-button__inner-text\">cerca<\/span><\/a><\/div>\n<\/div><\/div>\n<\/div><\/div><\/div>\n\n\n\n<div class=\"wp-block-stackable-column stk-block-column stk-column stk-block stk-cbfd271\" data-v=\"4\" data-block-id=\"cbfd271\"><div class=\"stk-column-wrapper stk-block-column__content stk-container stk-cbfd271-container stk--no-background stk--no-padding\"><div class=\"stk-block-content stk-inner-blocks stk-cbfd271-inner-blocks\">\n<div class=\"wp-block-stackable-image stk-block-image stk-block stk-60ab943\" data-block-id=\"60ab943\"><style>.stk-60ab943 {margin-bottom:0px !important;}.stk-60ab943 .stk-img-wrapper{width:100% !important;height:217px !important;}<\/style><figure><span class=\"stk-img-wrapper stk-image--shape-stretch\"><img loading=\"lazy\" decoding=\"async\" class=\"stk-img wp-image-764\" src=\"https:\/\/as-ai.org\/wp-content\/uploads\/2024\/07\/LogoEsteso_colori.png\" width=\"596\" height=\"343\" srcset=\"https:\/\/as-ai.org\/wp-content\/uploads\/2024\/07\/LogoEsteso_colori.png 596w, https:\/\/as-ai.org\/wp-content\/uploads\/2024\/07\/LogoEsteso_colori-300x173.png 300w\" sizes=\"auto, (max-width: 596px) 100vw, 596px\" \/><\/span><\/figure><\/div>\n\n\n\n<div class=\"wp-block-stackable-text stk-block-text stk-block stk-b092146\" data-block-id=\"b092146\"><p class=\"stk-block-text__text has-text-align-justify\">L&#8217;Istituto di Ricerca sull&#8217;Inquinamento Atmosferico del Consiglio Nazionale delle Ricerche svolge attivit\u00e0 di ricerca e sviluppo nelle aree tematiche: Inquinamento atmosferico in aree urbane e industriali; Inquinamento industriale e aree sensibili dal punto di vista ambientale; Sviluppo di tecnologie e metodologie analitiche per la caratterizzazione in laboratorio e su piattaforma della qualit\u00e0 dell&#8217;aria e della sostenibilit\u00e0; Regioni polari; Cicli degli inquinanti atmosferici e influenze del cambiamento climatico globale; Sistemi e reti di osservazione dell&#8217;inquinamento atmosferico a supporto delle direttive europee e delle convenzioni internazionali; Sviluppo di sistemi e tecnologie per la condivisione e l&#8217;interoperabilit\u00e0 dei dati geospaziali.<\/p><\/div>\n\n\n\n<div class=\"wp-block-stackable-button-group stk-block-button-group stk-block stk-30b578a\" data-block-id=\"30b578a\"><style>.stk-30b578a .stk-button-group{flex-direction:row !important;}@media screen and (max-width: 1023px){.stk-30b578a .stk-button-group{flex-direction:row !important;}}@media screen and (max-width: 767px){.stk-30b578a .stk-button-group{flex-direction:row !important;}}<\/style><div class=\"stk-row stk-inner-blocks has-text-align-center stk-block-content stk-button-group\">\n<div class=\"wp-block-stackable-button stk-block-button has-text-align-center stk-block stk-f121ebc\" data-block-id=\"f121ebc\"><style>.stk-f121ebc {align-items:center !important;display:flex !important;}<\/style><a class=\"stk-link stk-button stk--hover-effect-darken\" href=\"https:\/\/en.iia.cnr.it\/\" target=\"_blank\" rel=\"noreferrer noopener\"><span class=\"stk-button__inner-text\">cerca<\/span><\/a><\/div>\n<\/div><\/div>\n<\/div><\/div><\/div>\n<\/div><\/div>\n\n\n\n<div class=\"wp-block-stackable-divider stk-block-divider stk-block stk-e89af33\" data-block-id=\"e89af33\"><hr class=\"stk-block-divider__hr\"\/><\/div>\n\n\n\n<div class=\"wp-block-stackable-columns stk-block-columns stk-block stk-8066b14\" data-block-id=\"8066b14\"><div class=\"stk-row stk-inner-blocks stk-block-content stk-content-align stk-8066b14-column\">\n<div class=\"wp-block-stackable-column stk-block-column stk-column stk-block stk-a61d645\" data-v=\"4\" data-block-id=\"a61d645\"><div class=\"stk-column-wrapper stk-block-column__content stk-container stk-a61d645-container stk--no-background stk--no-padding\"><div class=\"stk-block-content stk-inner-blocks stk-a61d645-inner-blocks\">\n<div class=\"wp-block-stackable-image stk-block-image stk-block stk-e81e515\" data-block-id=\"e81e515\"><style>.stk-e81e515 {margin-bottom:0px !important;}<\/style><figure><span class=\"stk-img-wrapper stk-image--shape-stretch\"><img loading=\"lazy\" decoding=\"async\" class=\"stk-img wp-image-757\" src=\"https:\/\/as-ai.org\/wp-content\/uploads\/2024\/07\/DEEP-BLUE-LOGO-FSS-1.png\" width=\"1116\" height=\"561\" srcset=\"https:\/\/as-ai.org\/wp-content\/uploads\/2024\/07\/DEEP-BLUE-LOGO-FSS-1.png 1116w, https:\/\/as-ai.org\/wp-content\/uploads\/2024\/07\/DEEP-BLUE-LOGO-FSS-1-300x151.png 300w, https:\/\/as-ai.org\/wp-content\/uploads\/2024\/07\/DEEP-BLUE-LOGO-FSS-1-1024x515.png 1024w, https:\/\/as-ai.org\/wp-content\/uploads\/2024\/07\/DEEP-BLUE-LOGO-FSS-1-768x386.png 768w\" sizes=\"auto, (max-width: 706px) 89vw, (max-width: 767px) 82vw, 740px\" \/><\/span><\/figure><\/div>\n\n\n\n<div class=\"wp-block-stackable-text stk-block-text stk-block stk-e86d37c\" data-block-id=\"e86d37c\"><p class=\"stk-block-text__text has-text-align-justify\">Deep Blue \u00e8 una societ\u00e0 di ricerca e sviluppo che opera su scala europea, focalizzata sul ruolo dell&#8217;uomo nei sistemi safety critical e high-tech. Agenzie nazionali ed europee utilizzano regolarmente l&#8217;azienda per svolgere attivit\u00e0 di consulenza nei settori dei trasporti, della sanit\u00e0 e dell&#8217;ambiente.<\/p><\/div>\n\n\n\n<div class=\"wp-block-stackable-button-group stk-block-button-group stk-block stk-11a085d\" data-block-id=\"11a085d\"><style>.stk-11a085d .stk-button-group{flex-direction:row !important;}@media screen and (max-width: 1023px){.stk-11a085d .stk-button-group{flex-direction:row !important;}}@media screen and (max-width: 767px){.stk-11a085d .stk-button-group{flex-direction:row !important;}}<\/style><div class=\"stk-row stk-inner-blocks has-text-align-center stk-block-content stk-button-group\">\n<div class=\"wp-block-stackable-button stk-block-button stk-block stk-2073aef\" data-block-id=\"2073aef\"><a class=\"stk-link stk-button stk--hover-effect-darken\" href=\"https:\/\/dblue.it\/en\/\" target=\"_blank\" rel=\"noreferrer noopener\"><span class=\"stk-button__inner-text\">cerca<\/span><\/a><\/div>\n<\/div><\/div>\n<\/div><\/div><\/div>\n\n\n\n<div class=\"wp-block-stackable-column stk-block-column stk-column stk-block stk-0b80515\" data-v=\"4\" data-block-id=\"0b80515\"><div class=\"stk-column-wrapper stk-block-column__content stk-container stk-0b80515-container stk--no-background stk--no-padding\"><div class=\"stk-block-content stk-inner-blocks stk-0b80515-inner-blocks\">\n<div class=\"wp-block-stackable-image stk-block-image stk-block stk-1036f8b\" data-block-id=\"1036f8b\"><style>.stk-1036f8b {margin-bottom:0px !important;}.stk-1036f8b .stk-img-wrapper{width:102% !important;height:168px !important;}<\/style><figure><span class=\"stk-img-wrapper stk-image--shape-stretch\"><img loading=\"lazy\" decoding=\"async\" class=\"stk-img wp-image-741\" src=\"https:\/\/as-ai.org\/wp-content\/uploads\/2024\/07\/images.png\" width=\"225\" height=\"225\" srcset=\"https:\/\/as-ai.org\/wp-content\/uploads\/2024\/07\/images.png 225w, https:\/\/as-ai.org\/wp-content\/uploads\/2024\/07\/images-150x150.png 150w, https:\/\/as-ai.org\/wp-content\/uploads\/2024\/07\/images-100x100.png 100w\" sizes=\"auto, (max-width: 225px) 100vw, 225px\" \/><\/span><\/figure><\/div>\n\n\n\n<div class=\"wp-block-stackable-text stk-block-text stk-block stk-29df89c\" data-block-id=\"29df89c\"><p class=\"stk-block-text__text has-text-align-justify\">EuroUSC Italia \u00e8 una societ\u00e0 di consulenza che fornisce servizi nel mercato dei droni e nell&#8217;aviazione. EuroUSC Italia \u00e8 anche membro del Consiglio di Amministrazione di UVS-International, la principale associazione mondiale di operatori e produttori di droni.<\/p><\/div>\n\n\n\n<div class=\"wp-block-stackable-button-group stk-block-button-group stk-block stk-6784444\" data-block-id=\"6784444\"><style>.stk-6784444 .stk-button-group{flex-direction:row !important;}@media screen and (max-width: 1023px){.stk-6784444 .stk-button-group{flex-direction:row !important;}}@media screen and (max-width: 767px){.stk-6784444 .stk-button-group{flex-direction:row !important;}}<\/style><div class=\"stk-row stk-inner-blocks has-text-align-center stk-block-content stk-button-group\">\n<div class=\"wp-block-stackable-button stk-block-button has-text-align-center stk-block stk-9e27e28\" data-block-id=\"9e27e28\"><a class=\"stk-link stk-button stk--hover-effect-darken\" href=\"https:\/\/www.eurousc-italia.it\/it\/\" target=\"_blank\" rel=\"noreferrer noopener\"><span class=\"stk-button__inner-text\">cerca<\/span><\/a><\/div>\n<\/div><\/div>\n<\/div><\/div><\/div>\n<\/div><\/div>\n","protected":false},"excerpt":{"rendered":"<p>Bup Solution \u00e8 un&#8217;azienda specializzata in tutte le fasi del processo di gestione dei dati, dall&#8217;estrazione della conoscenza dal testo libero, fino alla modellazione, alla riconciliazione, all&#8217;integrazione e al collegamento dei dati, alla progettazione e alla manutenzione delle ontologie. Il team \u00e8 formato da ricercatori che lavorano anche presso il Consiglio Nazionale delle Ricerche (CNR). &hellip; <\/p>\n<p class=\"link-more\"><a href=\"https:\/\/as-ai.org\/?page_id=1130\" class=\"more-link\">Leggi tutto<span class=\"screen-reader-text\"> &#8220;Sponsors&#8221;<\/span><\/a><\/p>\n","protected":false},"author":2,"featured_media":0,"parent":0,"menu_order":0,"comment_status":"closed","ping_status":"closed","template":"","meta":{"footnotes":""},"class_list":["post-1130","page","type-page","status-publish","hentry"],"_links":{"self":[{"href":"https:\/\/as-ai.org\/index.php?rest_route=\/wp\/v2\/pages\/1130","targetHints":{"allow":["GET"]}}],"collection":[{"href":"https:\/\/as-ai.org\/index.php?rest_route=\/wp\/v2\/pages"}],"about":[{"href":"https:\/\/as-ai.org\/index.php?rest_route=\/wp\/v2\/types\/page"}],"author":[{"embeddable":true,"href":"https:\/\/as-ai.org\/index.php?rest_route=\/wp\/v2\/users\/2"}],"replies":[{"embeddable":true,"href":"https:\/\/as-ai.org\/index.php?rest_route=%2Fwp%2Fv2%2Fcomments&post=1130"}],"version-history":[{"count":1,"href":"https:\/\/as-ai.org\/index.php?rest_route=\/wp\/v2\/pages\/1130\/revisions"}],"predecessor-version":[{"id":1132,"href":"https:\/\/as-ai.org\/index.php?rest_route=\/wp\/v2\/pages\/1130\/revisions\/1132"}],"wp:attachment":[{"href":"https:\/\/as-ai.org\/index.php?rest_route=%2Fwp%2Fv2%2Fmedia&parent=1130"}],"curies":[{"name":"wp","href":"https:\/\/api.w.org\/{rel}","templated":true}]}}