{"id":1068,"date":"2025-01-09T15:32:19","date_gmt":"2025-01-09T14:32:19","guid":{"rendered":"https:\/\/as-ai.org\/?page_id=1068"},"modified":"2025-01-16T12:20:32","modified_gmt":"2025-01-16T11:20:32","slug":"students-backgound-2","status":"publish","type":"page","link":"https:\/\/as-ai.org\/?page_id=1068","title":{"rendered":"Backgound degli studenti"},"content":{"rendered":"\n<div class=\"wp-block-stackable-text stk-block-text stk-block stk-4b11d31\" data-block-id=\"4b11d31\"><p class=\"stk-block-text__text has-text-align-justify\">Un totale di 190 studenti hanno partecipato alle sette edizioni dell&#8217;Advanced School in Artificial Intelligence. In media, 30 studenti si sono iscritti a ogni edizione. L&#8217;et\u00e0 degli studenti varia dai 21 ai 64 anni.<\/p><\/div>\n\n\n\n<div class=\"wp-block-stackable-text stk-block-text stk-block stk-b6b4302\" data-block-id=\"b6b4302\"><p class=\"stk-block-text__text has-text-align-justify\">L&#8217;interdisciplinarit\u00e0 \u00e8 un pilastro fondamentale della scuola. Il grafico sottostante lo dimostra chiaramente, mostrando l&#8217;ampia gamma di lauree da cui provengono i nostri studenti. Dagli ingegneri agli umanisti, dagli scienziati agli artisti, la diversit\u00e0 dei loro background crea un ambiente di studio stimolante e fertile di nuove idee. Questa ricchezza di prospettive \u00e8 essenziale per affrontare le complesse sfide del mondo contemporaneo.<\/p><\/div>\n\n\n\n<figure class=\"wp-block-image size-full\"><img loading=\"lazy\" decoding=\"async\" width=\"965\" height=\"617\" src=\"https:\/\/as-ai.org\/wp-content\/uploads\/2024\/12\/LAUREE.png\" alt=\"\" class=\"wp-image-918\" srcset=\"https:\/\/as-ai.org\/wp-content\/uploads\/2024\/12\/LAUREE.png 965w, https:\/\/as-ai.org\/wp-content\/uploads\/2024\/12\/LAUREE-300x192.png 300w, https:\/\/as-ai.org\/wp-content\/uploads\/2024\/12\/LAUREE-768x491.png 768w\" sizes=\"auto, (max-width: 706px) 89vw, (max-width: 767px) 82vw, 740px\" \/><\/figure>\n\n\n\n<div class=\"wp-block-stackable-text stk-block-text stk-block stk-c1b7647\" data-block-id=\"c1b7647\"><p class=\"stk-block-text__text has-text-align-justify\">Sette edizioni, sette anni di innovazione. I nostri studenti hanno costantemente superato i limiti, creando progetti sempre pi\u00f9 sofisticati nel campo dell&#8217;intelligenza artificiale. Dall&#8217;elaborazione del linguaggio naturale alla computer vision, passando per la robotica e il deep learning, ogni edizione ha visto emergere nuove idee e soluzioni. I loro lavori sono stati pubblicati su riviste internazionali (per maggiori informazioni, vedere i <a href=\"https:\/\/as-ai.org\/?page_id=1200\" target=\"_blank\" rel=\"noreferrer noopener\">risultati degli ex-alunni<\/a>).<\/p><\/div>\n","protected":false},"excerpt":{"rendered":"<p>Un totale di 190 studenti hanno partecipato alle sette edizioni dell&#8217;Advanced School in Artificial Intelligence. In media, 30 studenti si sono iscritti a ogni edizione. L&#8217;et\u00e0 degli studenti varia dai 21 ai 64 anni. L&#8217;interdisciplinarit\u00e0 \u00e8 un pilastro fondamentale della scuola. Il grafico sottostante lo dimostra chiaramente, mostrando l&#8217;ampia gamma di lauree da cui provengono &hellip; <\/p>\n<p class=\"link-more\"><a href=\"https:\/\/as-ai.org\/?page_id=1068\" class=\"more-link\">Leggi tutto<span class=\"screen-reader-text\"> &#8220;Backgound degli studenti&#8221;<\/span><\/a><\/p>\n","protected":false},"author":2,"featured_media":0,"parent":0,"menu_order":0,"comment_status":"closed","ping_status":"closed","template":"","meta":{"footnotes":""},"class_list":["post-1068","page","type-page","status-publish","hentry"],"_links":{"self":[{"href":"https:\/\/as-ai.org\/index.php?rest_route=\/wp\/v2\/pages\/1068","targetHints":{"allow":["GET"]}}],"collection":[{"href":"https:\/\/as-ai.org\/index.php?rest_route=\/wp\/v2\/pages"}],"about":[{"href":"https:\/\/as-ai.org\/index.php?rest_route=\/wp\/v2\/types\/page"}],"author":[{"embeddable":true,"href":"https:\/\/as-ai.org\/index.php?rest_route=\/wp\/v2\/users\/2"}],"replies":[{"embeddable":true,"href":"https:\/\/as-ai.org\/index.php?rest_route=%2Fwp%2Fv2%2Fcomments&post=1068"}],"version-history":[{"count":4,"href":"https:\/\/as-ai.org\/index.php?rest_route=\/wp\/v2\/pages\/1068\/revisions"}],"predecessor-version":[{"id":1215,"href":"https:\/\/as-ai.org\/index.php?rest_route=\/wp\/v2\/pages\/1068\/revisions\/1215"}],"wp:attachment":[{"href":"https:\/\/as-ai.org\/index.php?rest_route=%2Fwp%2Fv2%2Fmedia&parent=1068"}],"curies":[{"name":"wp","href":"https:\/\/api.w.org\/{rel}","templated":true}]}}